{"id":2,"date":"2015-02-19T04:39:32","date_gmt":"2015-02-19T03:39:32","guid":{"rendered":"http:\/\/localhost:8080\/wordpress-4.1.1\/wordpress\/?page_id=2"},"modified":"2025-07-12T15:22:08","modified_gmt":"2025-07-12T14:22:08","slug":"sample-page","status":"publish","type":"page","link":"http:\/\/www.festivaldesarts.nl\/de\/","title":{"rendered":""},"content":{"rendered":"\n<p class=\"has-drop-cap has-medium-font-size\">Das Festival des Arts ist eines der au\u00dfergew\u00f6hnlichsten Kunstfestivals in Limburg. Es entstand 1997 bei einem leckeren Glas Bier im B\u00fcrgerhaus d&#8217;r Eck, in dem ruhigen, stets gem\u00fctlichen Dorf Rimburg. Der Standort kann sich sehen lassen. Rimburg, das zu Landgraaf geh\u00f6rt, ist schlie\u00dflich ein sch\u00f6ner Ort. Eine Umgebung mit historischen Bauernh\u00f6fen, W\u00e4ldern, weiten Wiesen, der R\u00f6merstra\u00dfe Via Belgica, D\u00fcften und Farben von Mutter Natur, die auf der R\u00fcckseite vom Fluss Worm begrenzt wird und von Radfahrern, Wanderern und Tagesausfl\u00fcglern geliebt wird. Kurzum, Rimburg verf\u00fcgt \u00fcber alle Zutaten, die zum Ausdruck von Kunstfertigkeit im weitesten Sinne des Wortes beitragen.Am Tag des Festivals bilden bunte St\u00e4nde die Limburger Kulisse, gef\u00fcllt mit K\u00fcste und Kreativit\u00e4t, einem Mischmasch aus Techniken, Ideen und Kreationen, hergestellt von Menschen mit einem Herz f\u00fcr den k\u00fcnstlerischen Bereich. <\/p>\n\n\n\n<p class=\"has-medium-font-size\">Menschen aus nah und fern wissen, wie sie Rimburg finden k\u00f6nnen, sowohl &#8222;erfahrene&#8220; als auch &#8222;neue&#8220; Teilnehmer. Das Gleichgewicht ist also gut, und jeder f\u00fchlt sich w\u00e4hrend des Festes am sch\u00f6nsten Ort in Landgraaf rundum wohl. Was kann man sich als Organisation mehr w\u00fcnschen?Das Festival des Arts ist mehr als nur Kunst. Dies zeigt sich am sozialen Charakter, dem &#8222;meet and greet&#8220; von Menschen von au\u00dferhalb des Dorfes, die das Fest als Basis f\u00fcr einen netten Plausch mit Dorfbewohnern, Bekannten oder Familienmitgliedern nutzen. <\/p>\n\n\n\n<p class=\"has-medium-font-size\">Das Datum ist allen bekannt: <strong>der erste Sonntag im Juli. <\/strong>&#8222;Jeder bekommt seinen Platz&#8220;, sagen die Organisatoren, &#8222;wir bieten weiterhin einen Kunstmarkt, der f\u00fcr die K\u00fcnstler erschwinglich ist&#8220;. Die Organisation k\u00fcmmert sich gut um ihre &#8222;G\u00e4ste&#8220; hinter den St\u00e4nden. Jedes Jahr &#8222;Hallo&#8220; zu sagen, etwas zu trinken anzubieten, dem Markt eine gute Zeit zu w\u00fcnschen, ist eine kleine Anstrengung, aber sie tut allen gut und st\u00e4rkt die Beziehungen. <\/p>\n\n\n\n<p class=\"has-medium-font-size\">Auch dieses Jahr verspricht es ein besonderes Ereignis zu werden. Mit einer Vielzahl von K\u00fcnstlern ist die Organisation sehr gespannt auf den Beginn des Tages.\u00a0Sind Sie an einer Teilnahme interessiert? Schauen Sie sich unsere Facebook-Seite an und melden Sie sich \u00fcber diese Website an.<\/p>\n\n\n\n<p class=\"has-text-color has-medium-font-size has-vivid-cyan-blue-color\">K\u00fcnstlerische Gr\u00fc\u00dfe, Rob, Linda &#038; Bianca<\/p>\n\n\n\n<p class=\"has-text-color has-background has-large-font-size has-very-light-gray-color has-luminous-vivid-orange-background-color\"><a href=\"https:\/\/www.facebook.com\/festivaldesartsrimburg\/\">https:\/\/www.facebook.com\/festivaldesartsrimburg\/<\/a><\/p>\n","protected":false},"excerpt":{"rendered":"<p>Das Festival des Arts ist eines der au\u00dfergew\u00f6hnlichsten Kunstfestivals in Limburg. Es entstand 1997 bei einem leckeren Glas Bier im&hellip; <a class=\"read-more\" href=\"http:\/\/www.festivaldesarts.nl\/de\/\">Weiterlesen<\/a><\/p>\n","protected":false},"author":2,"featured_media":0,"parent":0,"menu_order":0,"comment_status":"closed","ping_status":"closed","template":"","meta":{"footnotes":""},"class_list":["post-2","page","type-page","status-publish","hentry"],"_links":{"self":[{"href":"http:\/\/www.festivaldesarts.nl\/de\/wp-json\/wp\/v2\/pages\/2","targetHints":{"allow":["GET"]}}],"collection":[{"href":"http:\/\/www.festivaldesarts.nl\/de\/wp-json\/wp\/v2\/pages"}],"about":[{"href":"http:\/\/www.festivaldesarts.nl\/de\/wp-json\/wp\/v2\/types\/page"}],"author":[{"embeddable":true,"href":"http:\/\/www.festivaldesarts.nl\/de\/wp-json\/wp\/v2\/users\/2"}],"replies":[{"embeddable":true,"href":"http:\/\/www.festivaldesarts.nl\/de\/wp-json\/wp\/v2\/comments?post=2"}],"version-history":[{"count":71,"href":"http:\/\/www.festivaldesarts.nl\/de\/wp-json\/wp\/v2\/pages\/2\/revisions"}],"predecessor-version":[{"id":835,"href":"http:\/\/www.festivaldesarts.nl\/de\/wp-json\/wp\/v2\/pages\/2\/revisions\/835"}],"wp:attachment":[{"href":"http:\/\/www.festivaldesarts.nl\/de\/wp-json\/wp\/v2\/media?parent=2"}],"curies":[{"name":"wp","href":"https:\/\/api.w.org\/{rel}","templated":true}]}}